{"id":8,"date":"2021-08-16T14:48:39","date_gmt":"2021-08-16T12:48:39","guid":{"rendered":"http:\/\/www.jaxvonprant.at\/?page_id=8"},"modified":"2022-07-10T11:22:51","modified_gmt":"2022-07-10T09:22:51","slug":"jaxvonprant","status":"publish","type":"page","link":"https:\/\/www.jaxvonprant.at\/","title":{"rendered":"JaxVonPrant"},"content":{"rendered":"\t\t<div data-elementor-type=\"wp-page\" data-elementor-id=\"8\" class=\"elementor elementor-8\">\n\t\t\t\t\t\t\t\t\t<section class=\"elementor-section elementor-top-section elementor-element elementor-element-8064ec6 elementor-section-boxed elementor-section-height-default elementor-section-height-default\" data-id=\"8064ec6\" data-element_type=\"section\">\n\t\t\t\t\t\t<div class=\"elementor-container elementor-column-gap-default\">\n\t\t\t\t\t<div class=\"elementor-column elementor-col-100 elementor-top-column elementor-element elementor-element-378d9dd\" data-id=\"378d9dd\" data-element_type=\"column\">\n\t\t\t<div class=\"elementor-widget-wrap elementor-element-populated\">\n\t\t\t\t\t\t\t\t<div class=\"elementor-element elementor-element-88505ae elementor-arrows-position-inside elementor-pagination-position-outside elementor-widget elementor-widget-image-carousel\" data-id=\"88505ae\" data-element_type=\"widget\" data-settings=\"{&quot;slides_to_show&quot;:&quot;1&quot;,&quot;lazyload&quot;:&quot;yes&quot;,&quot;pause_on_hover&quot;:&quot;no&quot;,&quot;pause_on_interaction&quot;:&quot;no&quot;,&quot;navigation&quot;:&quot;both&quot;,&quot;autoplay&quot;:&quot;yes&quot;,&quot;autoplay_speed&quot;:5000,&quot;infinite&quot;:&quot;yes&quot;,&quot;effect&quot;:&quot;slide&quot;,&quot;speed&quot;:500}\" data-widget_type=\"image-carousel.default\">\n\t\t\t\t<div class=\"elementor-widget-container\">\n\t\t\t<style>\/*! elementor - v3.6.7 - 03-07-2022 *\/\n.elementor-widget-image-carousel .swiper-container{position:static}.elementor-widget-image-carousel .swiper-container .swiper-slide figure{line-height:inherit}.elementor-widget-image-carousel .swiper-slide{text-align:center}.elementor-image-carousel-wrapper:not(.swiper-container-initialized) .swiper-slide{max-width:calc(100% \/ var(--e-image-carousel-slides-to-show, 3))}<\/style>\t\t<div class=\"elementor-image-carousel-wrapper swiper-container\" dir=\"ltr\">\n\t\t\t<div class=\"elementor-image-carousel swiper-wrapper\">\n\t\t\t\t\t\t\t\t<div class=\"swiper-slide\"><figure class=\"swiper-slide-inner\"><img class=\"swiper-slide-image swiper-lazy\" data-src=\"https:\/\/www.jaxvonprant.at\/wp-content\/uploads\/2022\/07\/flaschen-1-scaled.jpg\" alt=\"flaschen\" \/><div class=\"swiper-lazy-preloader\"><\/div><\/figure><\/div><div class=\"swiper-slide\"><figure class=\"swiper-slide-inner\"><img class=\"swiper-slide-image swiper-lazy\" data-src=\"https:\/\/www.jaxvonprant.at\/wp-content\/uploads\/2022\/07\/jax-neu-scaled.jpg\" alt=\"jax-neu\" \/><div class=\"swiper-lazy-preloader\"><\/div><\/figure><\/div><div class=\"swiper-slide\"><figure class=\"swiper-slide-inner\"><img class=\"swiper-slide-image swiper-lazy\" data-src=\"https:\/\/www.jaxvonprant.at\/wp-content\/uploads\/2022\/07\/gin-1-scaled.jpg\" alt=\"gin\" \/><div class=\"swiper-lazy-preloader\"><\/div><\/figure><\/div><div class=\"swiper-slide\"><figure class=\"swiper-slide-inner\"><img class=\"swiper-slide-image swiper-lazy\" data-src=\"https:\/\/www.jaxvonprant.at\/wp-content\/uploads\/2022\/07\/landschaft-neu-scaled.jpg\" alt=\"landschaft-neu\" \/><div class=\"swiper-lazy-preloader\"><\/div><\/figure><\/div><div class=\"swiper-slide\"><figure class=\"swiper-slide-inner\"><img class=\"swiper-slide-image swiper-lazy\" data-src=\"https:\/\/www.jaxvonprant.at\/wp-content\/uploads\/2022\/07\/verschluss-scaled.jpg\" alt=\"verschluss\" \/><div class=\"swiper-lazy-preloader\"><\/div><\/figure><\/div>\t\t\t<\/div>\n\t\t\t\t\t\t\t\t\t\t\t\t<div class=\"swiper-pagination\"><\/div>\n\t\t\t\t\t\t\t\t\t\t\t\t\t<div class=\"elementor-swiper-button elementor-swiper-button-prev\">\n\t\t\t\t\t\t<i aria-hidden=\"true\" class=\"eicon-chevron-left\"><\/i>\t\t\t\t\t\t<span class=\"elementor-screen-only\">Previous<\/span>\n\t\t\t\t\t<\/div>\n\t\t\t\t\t<div class=\"elementor-swiper-button elementor-swiper-button-next\">\n\t\t\t\t\t\t<i aria-hidden=\"true\" class=\"eicon-chevron-right\"><\/i>\t\t\t\t\t\t<span class=\"elementor-screen-only\">Next<\/span>\n\t\t\t\t\t<\/div>\n\t\t\t\t\t\t\t\t\t<\/div>\n\t\t\t\t<\/div>\n\t\t\t\t<\/div>\n\t\t\t\t\t<\/div>\n\t\t<\/div>\n\t\t\t\t\t\t\t<\/div>\n\t\t<\/section>\n\t\t\t\t<section class=\"elementor-section elementor-top-section elementor-element elementor-element-69e9b1b elementor-section-boxed elementor-section-height-default elementor-section-height-default\" data-id=\"69e9b1b\" data-element_type=\"section\">\n\t\t\t\t\t\t<div class=\"elementor-container elementor-column-gap-default\">\n\t\t\t\t\t<div class=\"elementor-column elementor-col-100 elementor-top-column elementor-element elementor-element-b394553\" data-id=\"b394553\" data-element_type=\"column\">\n\t\t\t<div class=\"elementor-widget-wrap elementor-element-populated\">\n\t\t\t\t\t\t\t\t<div class=\"elementor-element elementor-element-f1563ec elementor-widget elementor-widget-spacer\" data-id=\"f1563ec\" data-element_type=\"widget\" data-widget_type=\"spacer.default\">\n\t\t\t\t<div class=\"elementor-widget-container\">\n\t\t\t<style>\/*! elementor - v3.6.7 - 03-07-2022 *\/\n.e-container.e-container--row .elementor-spacer-inner{width:var(--spacer-size)}.e-container.e-container--column .elementor-spacer-inner,.elementor-column .elementor-spacer-inner{height:var(--spacer-size)}<\/style>\t\t<div class=\"elementor-spacer\">\n\t\t\t<div class=\"elementor-spacer-inner\"><\/div>\n\t\t<\/div>\n\t\t\t\t<\/div>\n\t\t\t\t<\/div>\n\t\t\t\t\t<\/div>\n\t\t<\/div>\n\t\t\t\t\t\t\t<\/div>\n\t\t<\/section>\n\t\t\t\t<section class=\"elementor-section elementor-top-section elementor-element elementor-element-b7e56d9 elementor-section-boxed elementor-section-height-default elementor-section-height-default\" data-id=\"b7e56d9\" data-element_type=\"section\">\n\t\t\t\t\t\t<div class=\"elementor-container elementor-column-gap-default\">\n\t\t\t\t\t<div class=\"elementor-column elementor-col-100 elementor-top-column elementor-element elementor-element-c4c364e\" data-id=\"c4c364e\" data-element_type=\"column\">\n\t\t\t<div class=\"elementor-widget-wrap elementor-element-populated\">\n\t\t\t\t\t\t\t\t<div class=\"elementor-element elementor-element-129f1a4 elementor-widget elementor-widget-heading\" data-id=\"129f1a4\" data-element_type=\"widget\" data-widget_type=\"heading.default\">\n\t\t\t\t<div class=\"elementor-widget-container\">\n\t\t\t<style>\/*! elementor - v3.6.7 - 03-07-2022 *\/\n.elementor-heading-title{padding:0;margin:0;line-height:1}.elementor-widget-heading .elementor-heading-title[class*=elementor-size-]>a{color:inherit;font-size:inherit;line-height:inherit}.elementor-widget-heading .elementor-heading-title.elementor-size-small{font-size:15px}.elementor-widget-heading .elementor-heading-title.elementor-size-medium{font-size:19px}.elementor-widget-heading .elementor-heading-title.elementor-size-large{font-size:29px}.elementor-widget-heading .elementor-heading-title.elementor-size-xl{font-size:39px}.elementor-widget-heading .elementor-heading-title.elementor-size-xxl{font-size:59px}<\/style><h1 class=\"elementor-heading-title elementor-size-medium\">JAX VON PRANT M\u00fchlviertel Destillation<\/h1>\t\t<\/div>\n\t\t\t\t<\/div>\n\t\t\t\t\t<\/div>\n\t\t<\/div>\n\t\t\t\t\t\t\t<\/div>\n\t\t<\/section>\n\t\t\t\t<section class=\"elementor-section elementor-top-section elementor-element elementor-element-9d56a49 elementor-section-boxed elementor-section-height-default elementor-section-height-default\" data-id=\"9d56a49\" data-element_type=\"section\">\n\t\t\t\t\t\t<div class=\"elementor-container elementor-column-gap-default\">\n\t\t\t\t\t<div class=\"elementor-column elementor-col-100 elementor-top-column elementor-element elementor-element-4949185\" data-id=\"4949185\" data-element_type=\"column\">\n\t\t\t<div class=\"elementor-widget-wrap elementor-element-populated\">\n\t\t\t\t\t\t\t\t<div class=\"elementor-element elementor-element-6715259 elementor-widget elementor-widget-text-editor\" data-id=\"6715259\" data-element_type=\"widget\" data-widget_type=\"text-editor.default\">\n\t\t\t\t<div class=\"elementor-widget-container\">\n\t\t\t<style>\/*! elementor - v3.6.7 - 03-07-2022 *\/\n.elementor-widget-text-editor.elementor-drop-cap-view-stacked .elementor-drop-cap{background-color:#818a91;color:#fff}.elementor-widget-text-editor.elementor-drop-cap-view-framed .elementor-drop-cap{color:#818a91;border:3px solid;background-color:transparent}.elementor-widget-text-editor:not(.elementor-drop-cap-view-default) .elementor-drop-cap{margin-top:8px}.elementor-widget-text-editor:not(.elementor-drop-cap-view-default) .elementor-drop-cap-letter{width:1em;height:1em}.elementor-widget-text-editor .elementor-drop-cap{float:left;text-align:center;line-height:1;font-size:50px}.elementor-widget-text-editor .elementor-drop-cap-letter{display:inline-block}<\/style>\t\t\t\t<p style=\"text-align: center;\"><span style=\"color: #999999;\">Getreideschn\u00e4pse und Fruchtdestillate\u00a0werden durch Mehrfachbrand zur aromatischen Spezialit\u00e4t der Mu\u0308hlviertler Alm.<br \/><\/span><\/p><p style=\"text-align: center;\"><span style=\"color: #999999;\">Luft, Wasser und Natur auf 800 Metern\u00a0formen diese Edelbr\u00e4nde mit Charakter.<\/span><\/p>\t\t\t\t\t\t<\/div>\n\t\t\t\t<\/div>\n\t\t\t\t\t<\/div>\n\t\t<\/div>\n\t\t\t\t\t\t\t<\/div>\n\t\t<\/section>\n\t\t\t\t<section class=\"elementor-section elementor-top-section elementor-element elementor-element-8c42f2b elementor-section-boxed elementor-section-height-default elementor-section-height-default\" data-id=\"8c42f2b\" data-element_type=\"section\">\n\t\t\t\t\t\t<div class=\"elementor-container elementor-column-gap-default\">\n\t\t\t\t\t<div class=\"elementor-column elementor-col-100 elementor-top-column elementor-element elementor-element-1bf2d31\" data-id=\"1bf2d31\" data-element_type=\"column\">\n\t\t\t<div class=\"elementor-widget-wrap elementor-element-populated\">\n\t\t\t\t\t\t\t\t<div class=\"elementor-element elementor-element-c330ab2 elementor-widget elementor-widget-spacer\" data-id=\"c330ab2\" data-element_type=\"widget\" data-widget_type=\"spacer.default\">\n\t\t\t\t<div class=\"elementor-widget-container\">\n\t\t\t\t\t<div class=\"elementor-spacer\">\n\t\t\t<div class=\"elementor-spacer-inner\"><\/div>\n\t\t<\/div>\n\t\t\t\t<\/div>\n\t\t\t\t<\/div>\n\t\t\t\t\t<\/div>\n\t\t<\/div>\n\t\t\t\t\t\t\t<\/div>\n\t\t<\/section>\n\t\t\t\t<section class=\"elementor-section elementor-top-section elementor-element elementor-element-75ea93d elementor-section-boxed elementor-section-height-default elementor-section-height-default\" data-id=\"75ea93d\" data-element_type=\"section\">\n\t\t\t\t\t\t<div class=\"elementor-container elementor-column-gap-default\">\n\t\t\t\t\t<div class=\"elementor-column elementor-col-100 elementor-top-column elementor-element elementor-element-5ed2a6e\" data-id=\"5ed2a6e\" data-element_type=\"column\">\n\t\t\t<div class=\"elementor-widget-wrap elementor-element-populated\">\n\t\t\t\t\t\t\t\t<div class=\"elementor-element elementor-element-dd85d1b elementor-widget elementor-widget-text-editor\" data-id=\"dd85d1b\" data-element_type=\"widget\" data-widget_type=\"text-editor.default\">\n\t\t\t\t<div class=\"elementor-widget-container\">\n\t\t\t\t\t\t\t<p style=\"text-align: center;\"><span style=\"color: #999999;\">__________________________________________________________<\/span><\/p><p style=\"text-align: center;\"><span style=\"color: #999999;\"><strong>JAX VON PRANT M\u00fchlviertel Destillation<\/strong><\/span><br \/><span style=\"color: #999999;\"><a style=\"color: #999999;\" href=\"http:\/\/www.oberndorferstubm.at\/\"><strong>Schaubrennerei in der Oberndorferstubm<\/strong><\/a><\/span><br \/><span style=\"color: #999999;\"><strong> M. Jachs, Oberndorf 6, <\/strong><strong>4274<\/strong> <strong>Sch\u00f6nau, Austria<\/strong><\/span><\/p><p style=\"text-align: center;\"><span style=\"color: #999999;\"><a style=\"color: #999999;\" href=\"mailto:brennerei@jaxvonprant.at\">brennerei@jaxvonprant.at<\/a><\/span><\/p><p style=\"text-align: center;\"><span style=\"color: #999999;\">Besuche nur nach Anmeldung.<\/span><\/p><p style=\"text-align: center;\"><span style=\"color: #ffffff;\"><a style=\"color: #ffffff;\" href=\"http:\/\/www.jaxvonprant.at\/?page_id=40\"><span style=\"text-decoration: underline;\">Impressum<\/span><\/a><\/span><\/p>\t\t\t\t\t\t<\/div>\n\t\t\t\t<\/div>\n\t\t\t\t\t<\/div>\n\t\t<\/div>\n\t\t\t\t\t\t\t<\/div>\n\t\t<\/section>\n\t\t\t\t\t\t\t<\/div>\n\t\t","protected":false},"excerpt":{"rendered":"<p>Zur\u00fcck Weiter JAX VON PRANT M\u00fchlviertel Destillation Getreideschn\u00e4pse und Fruchtdestillate&nbsp;werden durch Mehrfachbrand zur aromatischen Spezialit\u00e4t der Mu\u0308hlviertler Alm. Luft, Wasser und Natur auf 800 Metern&nbsp;formen diese Edelbr\u00e4nde mit Charakter. __________________________________________________________ JAX VON PRANT M\u00fchlviertel Destillation Schaubrennerei in der Oberndorferstubm M. Jachs, Oberndorf 6, 4274 Sch\u00f6nau, Austria brennerei@jaxvonprant.at Besuche nur nach Anmeldung. Impressum<\/p>\n","protected":false},"author":1,"featured_media":76,"parent":0,"menu_order":0,"comment_status":"closed","ping_status":"closed","template":"","meta":{"footnotes":""},"class_list":["post-8","page","type-page","status-publish","has-post-thumbnail","hentry","entry","has-media"],"yoast_head":"<!-- This site is optimized with the Yoast SEO plugin v19.2 - https:\/\/yoast.com\/wordpress\/plugins\/seo\/ -->\n<title>JAX VON PRANT - M\u00fchlviertel Destillation<\/title>\n<meta name=\"description\" content=\"Getreideschn\u00e4pse und Fruchtdestillate von JAX VON PRANT werden durch Mehrfachbrand zur aromatischenSpezialit\u00e4t der Mu\u0308hlviertler Alm. Luft, Wasser und Natur auf 800 Metern formen diese Edelbr\u00e4nde mit Charakter.\" \/>\n<meta name=\"robots\" content=\"index, follow, max-snippet:-1, max-image-preview:large, max-video-preview:-1\" \/>\n<link rel=\"canonical\" href=\"https:\/\/www.jaxvonprant.at\/\" \/>\n<meta property=\"og:locale\" content=\"en_US\" \/>\n<meta property=\"og:type\" content=\"article\" \/>\n<meta property=\"og:title\" content=\"JAX VON PRANT - M\u00fchlviertel Destillation\" \/>\n<meta property=\"og:description\" content=\"Getreideschn\u00e4pse und Fruchtdestillate von JAX VON PRANT werden durch Mehrfachbrand zur aromatischenSpezialit\u00e4t der Mu\u0308hlviertler Alm. Luft, Wasser und Natur auf 800 Metern formen diese Edelbr\u00e4nde mit Charakter.\" \/>\n<meta property=\"og:url\" content=\"https:\/\/www.jaxvonprant.at\/\" \/>\n<meta property=\"og:site_name\" content=\"JaxVonPrant\" \/>\n<meta property=\"article:modified_time\" content=\"2022-07-10T09:22:51+00:00\" \/>\n<meta property=\"og:image\" content=\"https:\/\/www.jaxvonprant.at\/wp-content\/uploads\/2022\/07\/jax-neu-scaled.jpg\" \/>\n\t<meta property=\"og:image:width\" content=\"2560\" \/>\n\t<meta property=\"og:image:height\" content=\"1738\" \/>\n\t<meta property=\"og:image:type\" content=\"image\/jpeg\" \/>\n<meta name=\"author\" content=\"VIA SAUM BEHM\" \/>\n<meta name=\"twitter:card\" content=\"summary_large_image\" \/>\n<meta name=\"twitter:label1\" content=\"Est. reading time\" \/>\n\t<meta name=\"twitter:data1\" content=\"2 minutes\" \/>\n<script type=\"application\/ld+json\" class=\"yoast-schema-graph\">{\"@context\":\"https:\/\/schema.org\",\"@graph\":[{\"@type\":\"WebSite\",\"@id\":\"https:\/\/www.jaxvonprant.at\/#website\",\"url\":\"https:\/\/www.jaxvonprant.at\/\",\"name\":\"JaxVonPrant\",\"description\":\"\",\"potentialAction\":[{\"@type\":\"SearchAction\",\"target\":{\"@type\":\"EntryPoint\",\"urlTemplate\":\"https:\/\/www.jaxvonprant.at\/?s={search_term_string}\"},\"query-input\":\"required name=search_term_string\"}],\"inLanguage\":\"en-US\"},{\"@type\":\"ImageObject\",\"inLanguage\":\"en-US\",\"@id\":\"https:\/\/www.jaxvonprant.at\/#primaryimage\",\"url\":\"https:\/\/www.jaxvonprant.at\/wp-content\/uploads\/2022\/07\/jax-neu-scaled.jpg\",\"contentUrl\":\"https:\/\/www.jaxvonprant.at\/wp-content\/uploads\/2022\/07\/jax-neu-scaled.jpg\",\"width\":2560,\"height\":1738},{\"@type\":\"WebPage\",\"@id\":\"https:\/\/www.jaxvonprant.at\/#webpage\",\"url\":\"https:\/\/www.jaxvonprant.at\/\",\"name\":\"JAX VON PRANT - M\u00fchlviertel Destillation\",\"isPartOf\":{\"@id\":\"https:\/\/www.jaxvonprant.at\/#website\"},\"primaryImageOfPage\":{\"@id\":\"https:\/\/www.jaxvonprant.at\/#primaryimage\"},\"datePublished\":\"2021-08-16T12:48:39+00:00\",\"dateModified\":\"2022-07-10T09:22:51+00:00\",\"description\":\"Getreideschn\u00e4pse und Fruchtdestillate von JAX VON PRANT werden durch Mehrfachbrand zur aromatischenSpezialit\u00e4t der Mu\u0308hlviertler Alm. Luft, Wasser und Natur auf 800 Metern formen diese Edelbr\u00e4nde mit Charakter.\",\"breadcrumb\":{\"@id\":\"https:\/\/www.jaxvonprant.at\/#breadcrumb\"},\"inLanguage\":\"en-US\",\"potentialAction\":[{\"@type\":\"ReadAction\",\"target\":[\"https:\/\/www.jaxvonprant.at\/\"]}]},{\"@type\":\"BreadcrumbList\",\"@id\":\"https:\/\/www.jaxvonprant.at\/#breadcrumb\",\"itemListElement\":[{\"@type\":\"ListItem\",\"position\":1,\"name\":\"Startseite\",\"item\":\"https:\/\/www.jaxvonprant.at\/\"},{\"@type\":\"ListItem\",\"position\":2,\"name\":\"JaxVonPrant\"}]}]}<\/script>\n<!-- \/ Yoast SEO plugin. -->","yoast_head_json":{"title":"JAX VON PRANT - M\u00fchlviertel Destillation","description":"Getreideschn\u00e4pse und Fruchtdestillate von JAX VON PRANT werden durch Mehrfachbrand zur aromatischenSpezialit\u00e4t der Mu\u0308hlviertler Alm. Luft, Wasser und Natur auf 800 Metern formen diese Edelbr\u00e4nde mit Charakter.","robots":{"index":"index","follow":"follow","max-snippet":"max-snippet:-1","max-image-preview":"max-image-preview:large","max-video-preview":"max-video-preview:-1"},"canonical":"https:\/\/www.jaxvonprant.at\/","og_locale":"en_US","og_type":"article","og_title":"JAX VON PRANT - M\u00fchlviertel Destillation","og_description":"Getreideschn\u00e4pse und Fruchtdestillate von JAX VON PRANT werden durch Mehrfachbrand zur aromatischenSpezialit\u00e4t der Mu\u0308hlviertler Alm. Luft, Wasser und Natur auf 800 Metern formen diese Edelbr\u00e4nde mit Charakter.","og_url":"https:\/\/www.jaxvonprant.at\/","og_site_name":"JaxVonPrant","article_modified_time":"2022-07-10T09:22:51+00:00","og_image":[{"width":2560,"height":1738,"url":"https:\/\/www.jaxvonprant.at\/wp-content\/uploads\/2022\/07\/jax-neu-scaled.jpg","type":"image\/jpeg"}],"author":"VIA SAUM BEHM","twitter_card":"summary_large_image","twitter_misc":{"Est. reading time":"2 minutes"},"schema":{"@context":"https:\/\/schema.org","@graph":[{"@type":"WebSite","@id":"https:\/\/www.jaxvonprant.at\/#website","url":"https:\/\/www.jaxvonprant.at\/","name":"JaxVonPrant","description":"","potentialAction":[{"@type":"SearchAction","target":{"@type":"EntryPoint","urlTemplate":"https:\/\/www.jaxvonprant.at\/?s={search_term_string}"},"query-input":"required name=search_term_string"}],"inLanguage":"en-US"},{"@type":"ImageObject","inLanguage":"en-US","@id":"https:\/\/www.jaxvonprant.at\/#primaryimage","url":"https:\/\/www.jaxvonprant.at\/wp-content\/uploads\/2022\/07\/jax-neu-scaled.jpg","contentUrl":"https:\/\/www.jaxvonprant.at\/wp-content\/uploads\/2022\/07\/jax-neu-scaled.jpg","width":2560,"height":1738},{"@type":"WebPage","@id":"https:\/\/www.jaxvonprant.at\/#webpage","url":"https:\/\/www.jaxvonprant.at\/","name":"JAX VON PRANT - M\u00fchlviertel Destillation","isPartOf":{"@id":"https:\/\/www.jaxvonprant.at\/#website"},"primaryImageOfPage":{"@id":"https:\/\/www.jaxvonprant.at\/#primaryimage"},"datePublished":"2021-08-16T12:48:39+00:00","dateModified":"2022-07-10T09:22:51+00:00","description":"Getreideschn\u00e4pse und Fruchtdestillate von JAX VON PRANT werden durch Mehrfachbrand zur aromatischenSpezialit\u00e4t der Mu\u0308hlviertler Alm. Luft, Wasser und Natur auf 800 Metern formen diese Edelbr\u00e4nde mit Charakter.","breadcrumb":{"@id":"https:\/\/www.jaxvonprant.at\/#breadcrumb"},"inLanguage":"en-US","potentialAction":[{"@type":"ReadAction","target":["https:\/\/www.jaxvonprant.at\/"]}]},{"@type":"BreadcrumbList","@id":"https:\/\/www.jaxvonprant.at\/#breadcrumb","itemListElement":[{"@type":"ListItem","position":1,"name":"Startseite","item":"https:\/\/www.jaxvonprant.at\/"},{"@type":"ListItem","position":2,"name":"JaxVonPrant"}]}]}},"_links":{"self":[{"href":"https:\/\/www.jaxvonprant.at\/index.php?rest_route=\/wp\/v2\/pages\/8","targetHints":{"allow":["GET"]}}],"collection":[{"href":"https:\/\/www.jaxvonprant.at\/index.php?rest_route=\/wp\/v2\/pages"}],"about":[{"href":"https:\/\/www.jaxvonprant.at\/index.php?rest_route=\/wp\/v2\/types\/page"}],"author":[{"embeddable":true,"href":"https:\/\/www.jaxvonprant.at\/index.php?rest_route=\/wp\/v2\/users\/1"}],"replies":[{"embeddable":true,"href":"https:\/\/www.jaxvonprant.at\/index.php?rest_route=%2Fwp%2Fv2%2Fcomments&post=8"}],"version-history":[{"count":54,"href":"https:\/\/www.jaxvonprant.at\/index.php?rest_route=\/wp\/v2\/pages\/8\/revisions"}],"predecessor-version":[{"id":91,"href":"https:\/\/www.jaxvonprant.at\/index.php?rest_route=\/wp\/v2\/pages\/8\/revisions\/91"}],"wp:featuredmedia":[{"embeddable":true,"href":"https:\/\/www.jaxvonprant.at\/index.php?rest_route=\/wp\/v2\/media\/76"}],"wp:attachment":[{"href":"https:\/\/www.jaxvonprant.at\/index.php?rest_route=%2Fwp%2Fv2%2Fmedia&parent=8"}],"curies":[{"name":"wp","href":"https:\/\/api.w.org\/{rel}","templated":true}]}}